{"id":109302,"date":"2024-10-22T12:37:44","date_gmt":"2024-10-22T12:37:44","guid":{"rendered":"https:\/\/mediumblue-giraffe-215459.hostingersite.com\/karjera\/"},"modified":"2026-04-17T16:06:17","modified_gmt":"2026-04-17T16:06:17","slug":"karjera-2","status":"publish","type":"page","link":"https:\/\/elvprojektai.lt\/ru\/karjera-2\/","title":{"rendered":"Karjera"},"content":{"rendered":"\t\t<div data-elementor-type=\"wp-page\" data-elementor-id=\"109302\" class=\"elementor elementor-109302 elementor-11272\" data-elementor-post-type=\"page\">\n\t\t\t\t<div class=\"elementor-element elementor-element-15a3023 e-flex e-con-boxed e-con e-parent\" data-id=\"15a3023\" data-element_type=\"container\" data-e-type=\"container\" id=\"career\" data-settings=\"{&quot;background_background&quot;:&quot;classic&quot;}\">\n\t\t\t\t\t<div class=\"e-con-inner\">\n\t\t<div class=\"elementor-element elementor-element-f3c8368 e-con-full e-flex e-con e-child\" data-id=\"f3c8368\" data-element_type=\"container\" data-e-type=\"container\">\n\t\t<div class=\"elementor-element elementor-element-29d320e e-con-full e-flex e-con e-child\" data-id=\"29d320e\" data-element_type=\"container\" data-e-type=\"container\">\n\t\t\t\t<div class=\"elementor-element elementor-element-37de5f7 content-align-left the7-hover-visibility-disabled transform-overlay-yes exceeding-frame-yes elementor-widget elementor-widget-the7-image-widget\" data-id=\"37de5f7\" data-element_type=\"widget\" data-e-type=\"widget\" data-settings=\"{&quot;hover_visibility&quot;:&quot;disabled&quot;}\" data-widget_type=\"the7-image-widget.default\">\n\t\t\t\t<div class=\"elementor-widget-container\">\n\t\t\t\t\t<div class=\"the7-image-container\"><div class=\"the7-image-wrapper the7-elementor-widget the7-transform-container\"><div class=\"post-thumbnail-rollover layzr-bg img-css-resize-wrapper\"><img fetchpriority=\"high\" decoding=\"async\" width=\"2560\" height=\"1707\" src=\"data:image\/svg+xml,%3Csvg%20xmlns%3D&#039;http%3A%2F%2Fwww.w3.org%2F2000%2Fsvg&#039;%20viewBox%3D&#039;0%200%202560%201707&#039;%2F%3E\" class=\"attachment-full size-full preload-me aspect lazy lazy-load\" alt=\"\" sizes=\"(max-width: 2560px) 100vw, 2560px\" style=\"--ratio: 2560 \/ 1707;\" data-src=\"https:\/\/elvprojektai.lt\/wp-content\/uploads\/2024\/10\/banner-scaled.jpg\" loading=\"eager\" data-srcset=\"https:\/\/elvprojektai.lt\/wp-content\/uploads\/2024\/10\/banner-scaled.jpg 2560w, https:\/\/elvprojektai.lt\/wp-content\/uploads\/2024\/10\/banner-300x200.jpg 300w, https:\/\/elvprojektai.lt\/wp-content\/uploads\/2024\/10\/banner-1024x683.jpg 1024w, https:\/\/elvprojektai.lt\/wp-content\/uploads\/2024\/10\/banner-768x512.jpg 768w, https:\/\/elvprojektai.lt\/wp-content\/uploads\/2024\/10\/banner-1536x1024.jpg 1536w, https:\/\/elvprojektai.lt\/wp-content\/uploads\/2024\/10\/banner-2048x1366.jpg 2048w, https:\/\/elvprojektai.lt\/wp-content\/uploads\/2024\/10\/banner-1000x667.jpg 1000w\" \/><\/div><\/div><\/div>\t\t\t\t<\/div>\n\t\t\t\t<\/div>\n\t\t\t\t<\/div>\n\t\t<div class=\"elementor-element elementor-element-8c1d84c e-con-full e-flex e-con e-child\" data-id=\"8c1d84c\" data-element_type=\"container\" data-e-type=\"container\">\n\t\t\t\t<div class=\"elementor-element elementor-element-9930a76 elementor-widget elementor-widget-the7-heading\" data-id=\"9930a76\" data-element_type=\"widget\" data-e-type=\"widget\" data-widget_type=\"the7-heading.default\">\n\t\t\t\t<div class=\"elementor-widget-container\">\n\t\t\t\t\t<h2 class=\"the7-heading-title elementor-size-default\">Si\u016blome prisijungti prie m\u016bs\u0173 \u201eELV projektai\u201c kolektyvo!<\/h2>\t\t\t\t<\/div>\n\t\t\t\t<\/div>\n\t\t\t\t<div class=\"elementor-element elementor-element-5b7a81b text-link elementor-widget elementor-widget-text-editor\" data-id=\"5b7a81b\" data-element_type=\"widget\" data-e-type=\"widget\" data-widget_type=\"text-editor.default\">\n\t\t\t\t<div class=\"elementor-widget-container\">\n\t\t\t\t\t\t\t\t\t<p>Nuolat ie\u0161kome savo srities profesional\u0173. Jei neradote sau tinkamos pozicijos ir esate inovatyvus ir pilnas id\u0117j\u0173, kreipkit\u0117s el. pa\u0161tu <a href=\"mailto:egle@elvprojektai.lt\">egle@elvprojektai.lt<\/a>. Lauksime J\u016bs\u0173 CV ir motyvacini\u0173 lai\u0161k\u0173! Konfidencialum\u0105 garantuojame.<\/p>\t\t\t\t\t\t\t\t<\/div>\n\t\t\t\t<\/div>\n\t\t\t\t<div class=\"elementor-element elementor-element-fe3699d elementor-widget elementor-widget-spacer\" data-id=\"fe3699d\" data-element_type=\"widget\" data-e-type=\"widget\" data-widget_type=\"spacer.default\">\n\t\t\t\t<div class=\"elementor-widget-container\">\n\t\t\t\t\t\t\t<div class=\"elementor-spacer\">\n\t\t\t<div class=\"elementor-spacer-inner\"><\/div>\n\t\t<\/div>\n\t\t\t\t\t\t<\/div>\n\t\t\t\t<\/div>\n\t\t\t\t<div class=\"elementor-element elementor-element-bfd1ef4 icon-vertical-align-center content-align-left icon-box-vertical-align-top icon-position-left elementor-widget elementor-widget-the7_icon_box_grid_widget\" data-id=\"bfd1ef4\" data-element_type=\"widget\" data-e-type=\"widget\" data-widget_type=\"the7_icon_box_grid_widget.default\">\n\t\t\t\t<div class=\"elementor-widget-container\">\n\t\t\t\t\t<div class=\"the7-box-grid-wrapper the7-elementor-widget loading-effect-none the7_icon_box_grid_widget-bfd1ef4\">\t\t\t<div class=\"dt-css-grid\">\n\t\t\t\t\t\t\t\t\t<div class=\"wf-cell shown\">\n\t\t\t\t\t\t<div class=\"the7-icon-box-grid\">\t\t\t\t\t\t\t<div class=\"box-content-wrapper\">\n\t\t\t\t\t\t\t\t\t\t\t\t\t\t\t\t\t<a class=\"elementor-icon-div\" aria-label=\"Reguliar\u016bs mokymai\">\t\t\t\t\t\t\t\t\t\t<div class=\"elementor-icon\">\n\t\t\t\t\t\t\t\t\t\t\t<svg xmlns=\"http:\/\/www.w3.org\/2000\/svg\" xmlns:xlink=\"http:\/\/www.w3.org\/1999\/xlink\" id=\"Layer_1\" x=\"0px\" y=\"0px\" viewBox=\"0 0 16 16\" style=\"enable-background:new 0 0 16 16;\" xml:space=\"preserve\"><polygon points=\"6.4,12.4 2.6,8.6 3.8,7.4 6.4,10 12.2,4.2 13.4,5.4 \"><\/polygon><\/svg>\t\t\t\t\t\t\t\t\t\t<\/div>\n\t\t\t\t\t\t\t\t\t<\/a>\t\t\t\t\t\t\t\t\t\t\t\t\t\t\t\t<div class=\"box-content\">\n\t\t\t\t\t\t\t\t\t\t\t\t\t\t\t\t\t\t\t\t\t\t\t\t\t\t\t\t\t<h4 class=\"box-heading\">\n\t\t\t\t\t\t\t\t\t\t\t<a aria-label=\"Reguliar\u016bs mokymai\">\t\t\t\t\t\t\t\t\t\t\t\tReguliar\u016bs mokymai\t\t\t\t\t\t\t\t\t\t\t<\/a>\t\t\t\t\t\t\t\t\t\t<\/h4>\n\t\t\t\t\t\t\t\t\t\t\t\t\t\t\t\t\t\t\t\t\t\t\t\t\t\t\t\t\t\t\t\t\t\t\t<\/div>\n\t\t\t\t\t\t\t<\/div>\n\t\t\t\t\t\t<\/div>\t\t\t\t\t<\/div>\n\t\t\t\t\t\t\t\t\t<div class=\"wf-cell shown\">\n\t\t\t\t\t\t<div class=\"the7-icon-box-grid\">\t\t\t\t\t\t\t<div class=\"box-content-wrapper\">\n\t\t\t\t\t\t\t\t\t\t\t\t\t\t\t\t\t<a class=\"elementor-icon-div\" aria-label=\"Galimyb\u0117 dirbti i\u0161 nam\u0173\">\t\t\t\t\t\t\t\t\t\t<div class=\"elementor-icon\">\n\t\t\t\t\t\t\t\t\t\t\t<svg xmlns=\"http:\/\/www.w3.org\/2000\/svg\" xmlns:xlink=\"http:\/\/www.w3.org\/1999\/xlink\" id=\"Layer_1\" x=\"0px\" y=\"0px\" viewBox=\"0 0 16 16\" style=\"enable-background:new 0 0 16 16;\" xml:space=\"preserve\"><polygon points=\"6.4,12.4 2.6,8.6 3.8,7.4 6.4,10 12.2,4.2 13.4,5.4 \"><\/polygon><\/svg>\t\t\t\t\t\t\t\t\t\t<\/div>\n\t\t\t\t\t\t\t\t\t<\/a>\t\t\t\t\t\t\t\t\t\t\t\t\t\t\t\t<div class=\"box-content\">\n\t\t\t\t\t\t\t\t\t\t\t\t\t\t\t\t\t\t\t\t\t\t\t\t\t\t\t\t\t<h4 class=\"box-heading\">\n\t\t\t\t\t\t\t\t\t\t\t<a aria-label=\"Galimyb\u0117 dirbti i\u0161 nam\u0173\">\t\t\t\t\t\t\t\t\t\t\t\tGalimyb\u0117 dirbti i\u0161 nam\u0173\t\t\t\t\t\t\t\t\t\t\t<\/a>\t\t\t\t\t\t\t\t\t\t<\/h4>\n\t\t\t\t\t\t\t\t\t\t\t\t\t\t\t\t\t\t\t\t\t\t\t\t\t\t\t\t\t\t\t\t\t\t\t<\/div>\n\t\t\t\t\t\t\t<\/div>\n\t\t\t\t\t\t<\/div>\t\t\t\t\t<\/div>\n\t\t\t\t\t\t\t\t\t<div class=\"wf-cell shown\">\n\t\t\t\t\t\t<div class=\"the7-icon-box-grid\">\t\t\t\t\t\t\t<div class=\"box-content-wrapper\">\n\t\t\t\t\t\t\t\t\t\t\t\t\t\t\t\t\t<a class=\"elementor-icon-div\" aria-label=\"Profesinio tobul\u0117jimo perspektyvos\">\t\t\t\t\t\t\t\t\t\t<div class=\"elementor-icon\">\n\t\t\t\t\t\t\t\t\t\t\t<svg xmlns=\"http:\/\/www.w3.org\/2000\/svg\" xmlns:xlink=\"http:\/\/www.w3.org\/1999\/xlink\" id=\"Layer_1\" x=\"0px\" y=\"0px\" viewBox=\"0 0 16 16\" style=\"enable-background:new 0 0 16 16;\" xml:space=\"preserve\"><polygon points=\"6.4,12.4 2.6,8.6 3.8,7.4 6.4,10 12.2,4.2 13.4,5.4 \"><\/polygon><\/svg>\t\t\t\t\t\t\t\t\t\t<\/div>\n\t\t\t\t\t\t\t\t\t<\/a>\t\t\t\t\t\t\t\t\t\t\t\t\t\t\t\t<div class=\"box-content\">\n\t\t\t\t\t\t\t\t\t\t\t\t\t\t\t\t\t\t\t\t\t\t\t\t\t\t\t\t\t<h4 class=\"box-heading\">\n\t\t\t\t\t\t\t\t\t\t\t<a aria-label=\"Profesinio tobul\u0117jimo perspektyvos\">\t\t\t\t\t\t\t\t\t\t\t\tProfesinio tobul\u0117jimo perspektyvos\t\t\t\t\t\t\t\t\t\t\t<\/a>\t\t\t\t\t\t\t\t\t\t<\/h4>\n\t\t\t\t\t\t\t\t\t\t\t\t\t\t\t\t\t\t\t\t\t\t\t\t\t\t\t\t\t\t\t\t\t\t\t<\/div>\n\t\t\t\t\t\t\t<\/div>\n\t\t\t\t\t\t<\/div>\t\t\t\t\t<\/div>\n\t\t\t\t\t\t\t\t\t<div class=\"wf-cell shown\">\n\t\t\t\t\t\t<div class=\"the7-icon-box-grid\">\t\t\t\t\t\t\t<div class=\"box-content-wrapper\">\n\t\t\t\t\t\t\t\t\t\t\t\t\t\t\t\t\t<a class=\"elementor-icon-div\" aria-label=\"Darbo ir laisvalaikio balansas\">\t\t\t\t\t\t\t\t\t\t<div class=\"elementor-icon\">\n\t\t\t\t\t\t\t\t\t\t\t<svg xmlns=\"http:\/\/www.w3.org\/2000\/svg\" xmlns:xlink=\"http:\/\/www.w3.org\/1999\/xlink\" id=\"Layer_1\" x=\"0px\" y=\"0px\" viewBox=\"0 0 16 16\" style=\"enable-background:new 0 0 16 16;\" xml:space=\"preserve\"><polygon points=\"6.4,12.4 2.6,8.6 3.8,7.4 6.4,10 12.2,4.2 13.4,5.4 \"><\/polygon><\/svg>\t\t\t\t\t\t\t\t\t\t<\/div>\n\t\t\t\t\t\t\t\t\t<\/a>\t\t\t\t\t\t\t\t\t\t\t\t\t\t\t\t<div class=\"box-content\">\n\t\t\t\t\t\t\t\t\t\t\t\t\t\t\t\t\t\t\t\t\t\t\t\t\t\t\t\t\t<h4 class=\"box-heading\">\n\t\t\t\t\t\t\t\t\t\t\t<a aria-label=\"Darbo ir laisvalaikio balansas\">\t\t\t\t\t\t\t\t\t\t\t\tDarbo ir laisvalaikio balansas\t\t\t\t\t\t\t\t\t\t\t<\/a>\t\t\t\t\t\t\t\t\t\t<\/h4>\n\t\t\t\t\t\t\t\t\t\t\t\t\t\t\t\t\t\t\t\t\t\t\t\t\t\t\t\t\t\t\t\t\t\t\t<\/div>\n\t\t\t\t\t\t\t<\/div>\n\t\t\t\t\t\t<\/div>\t\t\t\t\t<\/div>\n\t\t\t\t\t\t\t<\/div>\n\t\t<\/div>\t\t\t\t<\/div>\n\t\t\t\t<\/div>\n\t\t\t\t<\/div>\n\t\t\t\t<\/div>\n\t\t\t\t\t<\/div>\n\t\t\t\t<\/div>\n\t\t<div class=\"elementor-element elementor-element-561140a3 e-flex e-con-boxed e-con e-parent\" data-id=\"561140a3\" data-element_type=\"container\" data-e-type=\"container\">\n\t\t\t\t\t<div class=\"e-con-inner\">\n\t\t\t\t<div class=\"elementor-element elementor-element-4140647c elementor-widget elementor-widget-the7-heading\" data-id=\"4140647c\" data-element_type=\"widget\" data-e-type=\"widget\" data-widget_type=\"the7-heading.default\">\n\t\t\t\t<div class=\"elementor-widget-container\">\n\t\t\t\t\t<h2 class=\"the7-heading-title elementor-size-default\">Darbo skelbimai<\/h2>\t\t\t\t<\/div>\n\t\t\t\t<\/div>\n\t\t\t\t\t<\/div>\n\t\t\t\t<\/div>\n\t\t<div class=\"elementor-element elementor-element-4e752e59 e-flex e-con-boxed e-con e-parent\" data-id=\"4e752e59\" data-element_type=\"container\" data-e-type=\"container\">\n\t\t\t\t\t<div class=\"e-con-inner\">\n\t\t\t\t<div class=\"elementor-element elementor-element-16547917 elementor-grid-1 elementor-grid-tablet-1 elementor-grid-mobile-1 elementor-widget elementor-widget-loop-grid\" data-id=\"16547917\" data-element_type=\"widget\" data-e-type=\"widget\" data-settings=\"{&quot;template_id&quot;:112824,&quot;columns&quot;:1,&quot;columns_tablet&quot;:1,&quot;_skin&quot;:&quot;post&quot;,&quot;columns_mobile&quot;:&quot;1&quot;,&quot;edit_handle_selector&quot;:&quot;[data-elementor-type=\\&quot;loop-item\\&quot;]&quot;,&quot;row_gap&quot;:{&quot;unit&quot;:&quot;px&quot;,&quot;size&quot;:&quot;&quot;,&quot;sizes&quot;:[]},&quot;row_gap_tablet&quot;:{&quot;unit&quot;:&quot;px&quot;,&quot;size&quot;:&quot;&quot;,&quot;sizes&quot;:[]},&quot;row_gap_mobile&quot;:{&quot;unit&quot;:&quot;px&quot;,&quot;size&quot;:&quot;&quot;,&quot;sizes&quot;:[]}}\" data-widget_type=\"loop-grid.post\">\n\t\t\t\t<div class=\"elementor-widget-container\">\n\t\t\t\t\t\t\t<div class=\"e-loop-nothing-found-message\">\n\t\t<\/div>\n\t\t\t\t\t\t<\/div>\n\t\t\t\t<\/div>\n\t\t\t\t\t<\/div>\n\t\t\t\t<\/div>\n\t\t\t\t<section class=\"elementor-section elementor-top-section elementor-element elementor-element-d5dde0c elementor-section-height-min-height elementor-section-items-stretch elementor-reverse-tablet elementor-reverse-mobile elementor-section-boxed elementor-section-height-default\" data-id=\"d5dde0c\" data-element_type=\"section\" data-e-type=\"section\" data-settings=\"{&quot;background_background&quot;:&quot;gradient&quot;}\">\n\t\t\t\t\t\t\t<div class=\"elementor-background-overlay\"><\/div>\n\t\t\t\t\t\t\t<div class=\"elementor-container elementor-column-gap-wider\">\n\t\t\t\t\t<div class=\"elementor-column elementor-col-100 elementor-top-column elementor-element elementor-element-18265ab\" data-id=\"18265ab\" data-element_type=\"column\" data-e-type=\"column\">\n\t\t\t<div class=\"elementor-widget-wrap elementor-element-populated\">\n\t\t\t\t\t\t<div class=\"elementor-element elementor-element-c8f5de4 elementor-widget__width-initial elementor-widget elementor-widget-the7-heading\" data-id=\"c8f5de4\" data-element_type=\"widget\" data-e-type=\"widget\" data-widget_type=\"the7-heading.default\">\n\t\t\t\t<div class=\"elementor-widget-container\">\n\t\t\t\t\t<h3 class=\"the7-heading-title elementor-size-default\">Ie\u0161kai darbo ar praktikos vietos? ELV projekt\u0173 komanda ir klientai laukia Tav\u0119s!<\/h3>\t\t\t\t<\/div>\n\t\t\t\t<\/div>\n\t\t\t\t<div class=\"elementor-element elementor-element-d3c24bf elementor-widget elementor-widget-spacer\" data-id=\"d3c24bf\" data-element_type=\"widget\" data-e-type=\"widget\" data-widget_type=\"spacer.default\">\n\t\t\t\t<div class=\"elementor-widget-container\">\n\t\t\t\t\t\t\t<div class=\"elementor-spacer\">\n\t\t\t<div class=\"elementor-spacer-inner\"><\/div>\n\t\t<\/div>\n\t\t\t\t\t\t<\/div>\n\t\t\t\t<\/div>\n\t\t\t\t<div class=\"elementor-element elementor-element-e105413 elementor-widget__width-auto elementor-widget-mobile__width-inherit elementor-mobile-align-center elementor-widget elementor-widget-the7_button_widget\" data-id=\"e105413\" data-element_type=\"widget\" data-e-type=\"widget\" data-widget_type=\"the7_button_widget.default\">\n\t\t\t\t<div class=\"elementor-widget-container\">\n\t\t\t\t\t<div class=\"elementor-button-wrapper\"><a href=\"#elementor-action%3Aaction%3Dpopup%3Aopen%26settings%3DeyJpZCI6MTEyODg0LCJ0b2dnbGUiOmZhbHNlfQ%3D%3D\" class=\"box-button elementor-button elementor-size-xl\">Susisiekti<\/a><\/div>\t\t\t\t<\/div>\n\t\t\t\t<\/div>\n\t\t\t\t\t<\/div>\n\t\t<\/div>\n\t\t\t\t\t<\/div>\n\t\t<\/section>\n\t\t\t\t<\/div>\n\t\t","protected":false},"excerpt":{"rendered":"<p>Si\u016blome prisijungti prie m\u016bs\u0173 \u201eELV projektai\u201c kolektyvo! Nuolat ie\u0161kome savo srities profesional\u0173. Jei neradote sau tinkamos pozicijos ir esate inovatyvus ir pilnas id\u0117j\u0173, kreipkit\u0117s el. pa\u0161tu egle@elvprojektai.lt. Lauksime J\u016bs\u0173 CV ir motyvacini\u0173 lai\u0161k\u0173! Konfidencialum\u0105 garantuojame. Reguliar\u016bs mokymai Galimyb\u0117 dirbti i\u0161 nam\u0173 Profesinio tobul\u0117jimo perspektyvos Darbo ir laisvalaikio balansas Darbo skelbimai Ie\u0161kai darbo ar praktikos vietos?&hellip;<\/p>\n","protected":false},"author":1,"featured_media":0,"parent":0,"menu_order":0,"comment_status":"closed","ping_status":"closed","template":"","meta":{"_acf_changed":false,"footnotes":""},"class_list":["post-109302","page","type-page","status-publish","hentry"],"acf":[],"yoast_head":"<!-- This site is optimized with the Yoast SEO plugin v27.2 - https:\/\/yoast.com\/product\/yoast-seo-wordpress\/ -->\n<title>Karjera - elvprojektai.lt<\/title>\n<meta name=\"description\" content=\"Domina buhalterija? Tarp skai\u010di\u0173 ir lenteli\u0173 jautiesi geriausiai? Kreipkis \u012f mus ir prad\u0117k savo karjer\u0105 buhalterini\u0173 paslaug\u0173 sektoriuje.\" \/>\n<meta name=\"robots\" content=\"index, follow, max-snippet:-1, max-image-preview:large, max-video-preview:-1\" \/>\n<link rel=\"canonical\" href=\"https:\/\/elvprojektai.lt\/ru\/karjera-2\/\" \/>\n<meta property=\"og:locale\" content=\"ru_RU\" \/>\n<meta property=\"og:type\" content=\"article\" \/>\n<meta property=\"og:title\" content=\"Karjera - elvprojektai.lt\" \/>\n<meta property=\"og:description\" content=\"Domina buhalterija? Tarp skai\u010di\u0173 ir lenteli\u0173 jautiesi geriausiai? Kreipkis \u012f mus ir prad\u0117k savo karjer\u0105 buhalterini\u0173 paslaug\u0173 sektoriuje.\" \/>\n<meta property=\"og:url\" content=\"https:\/\/elvprojektai.lt\/ru\/karjera-2\/\" \/>\n<meta property=\"og:site_name\" content=\"elvprojektai.lt\" \/>\n<meta property=\"article:publisher\" content=\"https:\/\/www.facebook.com\/elvprojektai.lt\/\" \/>\n<meta property=\"article:modified_time\" content=\"2026-04-17T16:06:17+00:00\" \/>\n<meta name=\"twitter:card\" content=\"summary_large_image\" \/>\n<meta name=\"twitter:label1\" content=\"\u041f\u0440\u0438\u043c\u0435\u0440\u043d\u043e\u0435 \u0432\u0440\u0435\u043c\u044f \u0434\u043b\u044f \u0447\u0442\u0435\u043d\u0438\u044f\" \/>\n\t<meta name=\"twitter:data1\" content=\"1 \u043c\u0438\u043d\u0443\u0442\u0430\" \/>\n<script type=\"application\/ld+json\" class=\"yoast-schema-graph\">{\"@context\":\"https:\/\/schema.org\",\"@graph\":[{\"@type\":\"WebPage\",\"@id\":\"https:\/\/elvprojektai.lt\/ru\/karjera-2\/\",\"url\":\"https:\/\/elvprojektai.lt\/ru\/karjera-2\/\",\"name\":\"Karjera - elvprojektai.lt\",\"isPartOf\":{\"@id\":\"https:\/\/elvprojektai.lt\/#website\"},\"datePublished\":\"2024-10-22T12:37:44+00:00\",\"dateModified\":\"2026-04-17T16:06:17+00:00\",\"description\":\"Domina buhalterija? Tarp skai\u010di\u0173 ir lenteli\u0173 jautiesi geriausiai? Kreipkis \u012f mus ir prad\u0117k savo karjer\u0105 buhalterini\u0173 paslaug\u0173 sektoriuje.\",\"breadcrumb\":{\"@id\":\"https:\/\/elvprojektai.lt\/ru\/karjera-2\/#breadcrumb\"},\"inLanguage\":\"ru-RU\",\"potentialAction\":[{\"@type\":\"ReadAction\",\"target\":[\"https:\/\/elvprojektai.lt\/ru\/karjera-2\/\"]}]},{\"@type\":\"BreadcrumbList\",\"@id\":\"https:\/\/elvprojektai.lt\/ru\/karjera-2\/#breadcrumb\",\"itemListElement\":[{\"@type\":\"ListItem\",\"position\":1,\"name\":\"\u0413\u043b\u0430\u0432\u043d\u0430\u044f\",\"item\":\"https:\/\/elvprojektai.lt\/ru\/\"},{\"@type\":\"ListItem\",\"position\":2,\"name\":\"Karjera\"}]},{\"@type\":\"WebSite\",\"@id\":\"https:\/\/elvprojektai.lt\/#website\",\"url\":\"https:\/\/elvprojektai.lt\/\",\"name\":\"ELV Konsultacijos\",\"description\":\"Buhalterin\u0117s apskaitos konsultacijos internetu\",\"publisher\":{\"@id\":\"https:\/\/elvprojektai.lt\/#organization\"},\"potentialAction\":[{\"@type\":\"SearchAction\",\"target\":{\"@type\":\"EntryPoint\",\"urlTemplate\":\"https:\/\/elvprojektai.lt\/?s={search_term_string}\"},\"query-input\":{\"@type\":\"PropertyValueSpecification\",\"valueRequired\":true,\"valueName\":\"search_term_string\"}}],\"inLanguage\":\"ru-RU\"},{\"@type\":\"Organization\",\"@id\":\"https:\/\/elvprojektai.lt\/#organization\",\"name\":\"ELV Projektai\",\"url\":\"https:\/\/elvprojektai.lt\/\",\"logo\":{\"@type\":\"ImageObject\",\"inLanguage\":\"ru-RU\",\"@id\":\"https:\/\/elvprojektai.lt\/#\/schema\/logo\/image\/\",\"url\":\"https:\/\/elvprojektai.lt\/wp-content\/uploads\/2024\/10\/logo.png\",\"contentUrl\":\"https:\/\/elvprojektai.lt\/wp-content\/uploads\/2024\/10\/logo.png\",\"width\":1500,\"height\":291,\"caption\":\"ELV Projektai\"},\"image\":{\"@id\":\"https:\/\/elvprojektai.lt\/#\/schema\/logo\/image\/\"},\"sameAs\":[\"https:\/\/www.facebook.com\/elvprojektai.lt\/\"]}]}<\/script>\n<!-- \/ Yoast SEO plugin. -->","yoast_head_json":{"title":"Karjera - elvprojektai.lt","description":"Domina buhalterija? Tarp skai\u010di\u0173 ir lenteli\u0173 jautiesi geriausiai? Kreipkis \u012f mus ir prad\u0117k savo karjer\u0105 buhalterini\u0173 paslaug\u0173 sektoriuje.","robots":{"index":"index","follow":"follow","max-snippet":"max-snippet:-1","max-image-preview":"max-image-preview:large","max-video-preview":"max-video-preview:-1"},"canonical":"https:\/\/elvprojektai.lt\/ru\/karjera-2\/","og_locale":"ru_RU","og_type":"article","og_title":"Karjera - elvprojektai.lt","og_description":"Domina buhalterija? Tarp skai\u010di\u0173 ir lenteli\u0173 jautiesi geriausiai? Kreipkis \u012f mus ir prad\u0117k savo karjer\u0105 buhalterini\u0173 paslaug\u0173 sektoriuje.","og_url":"https:\/\/elvprojektai.lt\/ru\/karjera-2\/","og_site_name":"elvprojektai.lt","article_publisher":"https:\/\/www.facebook.com\/elvprojektai.lt\/","article_modified_time":"2026-04-17T16:06:17+00:00","twitter_card":"summary_large_image","twitter_misc":{"\u041f\u0440\u0438\u043c\u0435\u0440\u043d\u043e\u0435 \u0432\u0440\u0435\u043c\u044f \u0434\u043b\u044f \u0447\u0442\u0435\u043d\u0438\u044f":"1 \u043c\u0438\u043d\u0443\u0442\u0430"},"schema":{"@context":"https:\/\/schema.org","@graph":[{"@type":"WebPage","@id":"https:\/\/elvprojektai.lt\/ru\/karjera-2\/","url":"https:\/\/elvprojektai.lt\/ru\/karjera-2\/","name":"Karjera - elvprojektai.lt","isPartOf":{"@id":"https:\/\/elvprojektai.lt\/#website"},"datePublished":"2024-10-22T12:37:44+00:00","dateModified":"2026-04-17T16:06:17+00:00","description":"Domina buhalterija? Tarp skai\u010di\u0173 ir lenteli\u0173 jautiesi geriausiai? Kreipkis \u012f mus ir prad\u0117k savo karjer\u0105 buhalterini\u0173 paslaug\u0173 sektoriuje.","breadcrumb":{"@id":"https:\/\/elvprojektai.lt\/ru\/karjera-2\/#breadcrumb"},"inLanguage":"ru-RU","potentialAction":[{"@type":"ReadAction","target":["https:\/\/elvprojektai.lt\/ru\/karjera-2\/"]}]},{"@type":"BreadcrumbList","@id":"https:\/\/elvprojektai.lt\/ru\/karjera-2\/#breadcrumb","itemListElement":[{"@type":"ListItem","position":1,"name":"\u0413\u043b\u0430\u0432\u043d\u0430\u044f","item":"https:\/\/elvprojektai.lt\/ru\/"},{"@type":"ListItem","position":2,"name":"Karjera"}]},{"@type":"WebSite","@id":"https:\/\/elvprojektai.lt\/#website","url":"https:\/\/elvprojektai.lt\/","name":"ELV Konsultacijos","description":"Buhalterin\u0117s apskaitos konsultacijos internetu","publisher":{"@id":"https:\/\/elvprojektai.lt\/#organization"},"potentialAction":[{"@type":"SearchAction","target":{"@type":"EntryPoint","urlTemplate":"https:\/\/elvprojektai.lt\/?s={search_term_string}"},"query-input":{"@type":"PropertyValueSpecification","valueRequired":true,"valueName":"search_term_string"}}],"inLanguage":"ru-RU"},{"@type":"Organization","@id":"https:\/\/elvprojektai.lt\/#organization","name":"ELV Projektai","url":"https:\/\/elvprojektai.lt\/","logo":{"@type":"ImageObject","inLanguage":"ru-RU","@id":"https:\/\/elvprojektai.lt\/#\/schema\/logo\/image\/","url":"https:\/\/elvprojektai.lt\/wp-content\/uploads\/2024\/10\/logo.png","contentUrl":"https:\/\/elvprojektai.lt\/wp-content\/uploads\/2024\/10\/logo.png","width":1500,"height":291,"caption":"ELV Projektai"},"image":{"@id":"https:\/\/elvprojektai.lt\/#\/schema\/logo\/image\/"},"sameAs":["https:\/\/www.facebook.com\/elvprojektai.lt\/"]}]}},"_links":{"self":[{"href":"https:\/\/elvprojektai.lt\/ru\/wp-json\/wp\/v2\/pages\/109302","targetHints":{"allow":["GET"]}}],"collection":[{"href":"https:\/\/elvprojektai.lt\/ru\/wp-json\/wp\/v2\/pages"}],"about":[{"href":"https:\/\/elvprojektai.lt\/ru\/wp-json\/wp\/v2\/types\/page"}],"author":[{"embeddable":true,"href":"https:\/\/elvprojektai.lt\/ru\/wp-json\/wp\/v2\/users\/1"}],"replies":[{"embeddable":true,"href":"https:\/\/elvprojektai.lt\/ru\/wp-json\/wp\/v2\/comments?post=109302"}],"version-history":[{"count":3,"href":"https:\/\/elvprojektai.lt\/ru\/wp-json\/wp\/v2\/pages\/109302\/revisions"}],"predecessor-version":[{"id":113398,"href":"https:\/\/elvprojektai.lt\/ru\/wp-json\/wp\/v2\/pages\/109302\/revisions\/113398"}],"wp:attachment":[{"href":"https:\/\/elvprojektai.lt\/ru\/wp-json\/wp\/v2\/media?parent=109302"}],"curies":[{"name":"wp","href":"https:\/\/api.w.org\/{rel}","templated":true}]}}